{"id":80,"date":"2024-03-05T16:23:20","date_gmt":"2024-03-05T16:23:20","guid":{"rendered":"https:\/\/www.nowa.swrodzina.org\/?page_id=80"},"modified":"2025-10-09T19:07:33","modified_gmt":"2025-10-09T17:07:33","slug":"msze-sw","status":"publish","type":"page","link":"http:\/\/www.nowa.swrodzina.org\/index.php\/msze-sw\/","title":{"rendered":"Msze \u015bw."},"content":{"rendered":"<figure class=\"wp-block-table\"><table><tbody><tr><td colspan=\"2\">NIEDZIELE I \u015aWI\u0118TA<\/td><\/tr><tr><td>7.30<\/td><td>og\u00f3lna<\/td><\/tr><tr><td>9.00<\/td><td>og\u00f3lna<\/td><\/tr><tr><td>10.30<\/td><td>og\u00f3lna<\/td><\/tr><tr><td>12.00<\/td><td>dla dzieci<\/td><\/tr><tr><td>18.00<\/td><td>og\u00f3lna<\/td><\/tr><tr><td>20.00<\/td><td>og\u00f3lna &#8211; Apel Jasnog\u00f3rski<\/td><\/tr><\/tbody><\/table><\/figure><figure class=\"wp-block-table\"><table><tbody><tr><td colspan=\"2\">DNI POWSZEDNIE<\/td><\/tr><tr><td>12.00<\/td><td>og\u00f3lna &#8211; Anio\u0142 Pa\u0144ski<\/td><\/tr><tr><td>18.00<\/td><td>og\u00f3lna*<\/td><\/tr><tr><td colspan=\"2\">* &#8211; w soboty msza \u015bwi\u0119ta niedzielna<\/td><\/tr><\/tbody><\/table><\/figure><hr class=\"wp-block-separator has-alpha-channel-opacity\"\/><p>W pierwszy czwartek miesi\u0105ca<br>&#8211; po mszy o godzinie 12:00 i 18:00 nabo\u017ce\u0144stwa o nowe powo\u0142ania do kap\u0142a\u0144stwa i za powo\u0142anych<br>&#8211; wystawienie Naj\u015bwi\u0119tszego Sakramentu po mszy o godzinie 12:00 i adoracja do godziny 18:00<br>&#8211; Komunia \u015bwi\u0119ta pod dwoma postaciami<br><br>W pierwszy pi\u0105tek miesi\u0105ca<br>&#8211; nabo\u017ce\u0144stwo do NSPJ po Mszy o godzinie 12:00 i 18:00<br><br>W pierwsz\u0105 sobot\u0119 miesi\u0105ca<br>&#8211; nabo\u017ce\u0144stwo pierwszych sob\u00f3t miesi\u0105ca po Mszy o godzinie 12:00<br><br>W \u015brody<br>Nabo\u017ce\u0144stwo do MB Nieustaj\u0105cej pomocy po mszy o godzinie 12:00 i 18:00<br><br>W trzeci\u0105 sobot\u0119 miesi\u0105ca<br>nabo\u017ce\u0144stwo do \u015bwi\u0119tej Rodziny<br>Wielki Post<br>&#8211; droga krzy\u017cowa dla doros\u0142ych w pi\u0105tek o godzinie 11:30 i 17:30<br>&#8211; droga krzy\u017cowa dla dzieci pi\u0105tek o godzinie 16:30<br>&#8211; nabo\u017ce\u0144stwo gorzkich \u017cali w niedziel\u0119 o godzinie 17:30<br>Nabo\u017ce\u0144stwa majowe<br>Codziennie o 17:30<br><br>Nabo\u017ce\u0144stwa czerwcowe<br>Codziennie o 17:30<br><br>Nabo\u017ce\u0144stwa r\u00f3\u017ca\u0144cowe (pa\u017adziernik) i r\u00f3\u017caniec za zmar\u0142ych<br>Codziennie o 17:30<\/p>","protected":false},"excerpt":{"rendered":"<p>NIEDZIELE I \u015aWI\u0118TA 7.30 og\u00f3lna 9.00 og\u00f3lna 10.30 og\u00f3lna 12.00 dla dzieci 18.00 og\u00f3lna 20.00 og\u00f3lna &#8211; Apel Jasnog\u00f3rski DNI POWSZEDNIE 12.00 og\u00f3lna &#8211; Anio\u0142 Pa\u0144ski 18.00 og\u00f3lna* * &#8211; [&hellip;]<\/p>\n","protected":false},"author":1,"featured_media":0,"parent":0,"menu_order":0,"comment_status":"closed","ping_status":"closed","template":"","meta":{"footnotes":""},"class_list":["post-80","page","type-page","status-publish","hentry"],"_links":{"self":[{"href":"http:\/\/www.nowa.swrodzina.org\/index.php\/wp-json\/wp\/v2\/pages\/80","targetHints":{"allow":["GET"]}}],"collection":[{"href":"http:\/\/www.nowa.swrodzina.org\/index.php\/wp-json\/wp\/v2\/pages"}],"about":[{"href":"http:\/\/www.nowa.swrodzina.org\/index.php\/wp-json\/wp\/v2\/types\/page"}],"author":[{"embeddable":true,"href":"http:\/\/www.nowa.swrodzina.org\/index.php\/wp-json\/wp\/v2\/users\/1"}],"replies":[{"embeddable":true,"href":"http:\/\/www.nowa.swrodzina.org\/index.php\/wp-json\/wp\/v2\/comments?post=80"}],"version-history":[{"count":3,"href":"http:\/\/www.nowa.swrodzina.org\/index.php\/wp-json\/wp\/v2\/pages\/80\/revisions"}],"predecessor-version":[{"id":569,"href":"http:\/\/www.nowa.swrodzina.org\/index.php\/wp-json\/wp\/v2\/pages\/80\/revisions\/569"}],"wp:attachment":[{"href":"http:\/\/www.nowa.swrodzina.org\/index.php\/wp-json\/wp\/v2\/media?parent=80"}],"curies":[{"name":"wp","href":"https:\/\/api.w.org\/{rel}","templated":true}]}}